{"id":110,"date":"2019-08-04T21:00:37","date_gmt":"2019-08-04T19:00:37","guid":{"rendered":"http:\/\/olympiquedemartiel.fr\/?page_id=110"},"modified":"2020-05-07T15:20:12","modified_gmt":"2020-05-07T13:20:12","slug":"merci-a-vous-a-jamais","status":"publish","type":"page","link":"https:\/\/olympiquedemartiel.fr\/?page_id=110","title":{"rendered":"Merci pour votre aide"},"content":{"rendered":"\n<figure class=\"wp-block-table\"><table><tbody><tr><td>Adrien Mach\u00e9<\/td><\/tr><tr><td>Alexandra Hugues<\/td><\/tr><tr><td>Aliz\u00e9 Didona<\/td><\/tr><tr><td>Amandine Foltzer<\/td><\/tr><tr><td><strong>Am\u00e9lie Rouzies<\/strong><\/td><\/tr><tr><td><strong>Anthony Gaubert<\/strong><\/td><\/tr><tr><td>Anthony Verbois<\/td><\/tr><tr><td>Arnaud Chambrin<\/td><\/tr><tr><td><strong>Bastien Birot<\/strong><\/td><\/tr><tr><td>Catherine Massardy<\/td><\/tr><tr><td>C\u00e9lia Maury<\/td><\/tr><tr><td>Christelle Gauthier<\/td><\/tr><tr><td>Claude Gasc-Lefebvre<\/td><\/tr><tr><td>Cl\u00e9ment Lovera<\/td><\/tr><tr><td>Cyril Mayanobe<\/td><\/tr><tr><td><strong>David Thi\u00e9chart<\/strong><\/td><\/tr><tr><td>Emeline Johan<\/td><\/tr><tr><td><strong>Emilie &amp; St\u00e9phane Maunoury<\/strong><\/td><\/tr><tr><td>Etienne Bessou<\/td><\/tr><tr><td>Eugenie Rebattet<\/td><\/tr><tr><td>Florent Cannistra<\/td><\/tr><tr><td>Florent Piat<\/td><\/tr><tr><td>Florian Loza<\/td><\/tr><tr><td>Florian Navrotski<\/td><\/tr><tr><td><strong>Fran\u00e7ois Ressencourt<\/strong><\/td><\/tr><tr><td><strong>Fran\u00e7oise &amp; Nazem Taoubi<\/strong><\/td><\/tr><tr><td><strong>Gabriel Delon<\/strong><\/td><\/tr><tr><td>Hugo Blanc<\/td><\/tr><tr><td>Iris Metenier<\/td><\/tr><tr><td><strong>Johan Lemenant<\/strong><\/td><\/tr><tr><td><strong>Johanna &amp; Yannick Maunoury<\/strong><\/td><\/tr><tr><td><strong>Jonathan Gaubert<\/strong><\/td><\/tr><tr><td>Jonathan Muratet<\/td><\/tr><tr><td><strong>Joris Lazuech<\/strong><\/td><\/tr><tr><td>Julie Chevreul<\/td><\/tr><tr><td>Julie Pescheux<\/td><\/tr><tr><td>Julien Boil<\/td><\/tr><tr><td>Julien Castaing<\/td><\/tr><tr><td><strong>Julien Faucheux<\/strong><\/td><\/tr><tr><td><strong>K\u00e9vin Bourjade<\/strong><\/td><\/tr><tr><td>Laurent Biscans<\/td><\/tr><tr><td><strong>Laurent Bonnart<\/strong><\/td><\/tr><tr><td><strong>Laurent Cantier<\/strong><\/td><\/tr><tr><td>Laurie Bert<\/td><\/tr><tr><td>Lionel Bert<\/td><\/tr><tr><td>Loic Gach<\/td><\/tr><tr><td><strong>Marine Maunoury<\/strong><\/td><\/tr><tr><td>Marine Rozet<\/td><\/tr><tr><td>Marion Sarrias<\/td><\/tr><tr><td>Martine Gaubert<\/td><\/tr><tr><td>Martine Joanny<\/td><\/tr><tr><td>Matthieu Roca<\/td><\/tr><tr><td>Nans Lorenzini<\/td><\/tr><tr><td>No\u00e9mie Poujade<\/td><\/tr><tr><td>Olivier Magendie<\/td><\/tr><tr><td>Omar Aouni<\/td><\/tr><tr><td>Paul Fabiani<\/td><\/tr><tr><td>Paul Milhau<\/td><\/tr><tr><td>Pauline Porp\u00e9<\/td><\/tr><tr><td><strong>Philippe Bayol<\/strong><\/td><\/tr><tr><td>Philly Greaves<\/td><\/tr><tr><td>R\u00e9my Calvet<\/td><\/tr><tr><td>Roland Lagaronne<\/td><\/tr><tr><td>Romaric Roug\u00e9<\/td><\/tr><tr><td>Samy Herard<\/td><\/tr><tr><td><strong>S\u00e9bastien Lades<\/strong><\/td><\/tr><tr><td>St\u00e9phanie Beineix<\/td><\/tr><tr><td>Sylvain Escande<\/td><\/tr><tr><td>Sylvain Rulhe<\/td><\/tr><tr><td>Th\u00e9a Norcereau<\/td><\/tr><tr><td>Xavier Bosert<\/td><\/tr><tr><td>Yohann Loza<\/td><\/tr><\/tbody><\/table><\/figure>\n","protected":false},"excerpt":{"rendered":"<p>Adrien Mach\u00e9 Alexandra Hugues Aliz\u00e9 Didona Amandine Foltzer Am\u00e9lie Rouzies Anthony Gaubert Anthony Verbois Arnaud Chambrin Bastien Birot Catherine Massardy C\u00e9lia Maury Christelle Gauthier Claude Gasc-Lefebvre Cl\u00e9ment Lovera Cyril Mayanobe David Thi\u00e9chart Emeline Johan Emilie &amp; St\u00e9phane Maunoury Etienne Bessou Eugenie Rebattet Florent Cannistra Florent Piat Florian Loza Florian Navrotski Fran\u00e7ois Ressencourt Fran\u00e7oise &amp; Nazem &hellip; <\/p>\n<p class=\"link-more\"><a href=\"https:\/\/olympiquedemartiel.fr\/?page_id=110\" class=\"more-link\">Continuer la lecture<span class=\"screen-reader-text\"> de &laquo;&nbsp;Merci pour votre aide&nbsp;&raquo;<\/span><\/a><\/p>\n","protected":false},"author":1,"featured_media":0,"parent":0,"menu_order":0,"comment_status":"closed","ping_status":"closed","template":"","meta":[],"_links":{"self":[{"href":"https:\/\/olympiquedemartiel.fr\/index.php?rest_route=\/wp\/v2\/pages\/110"}],"collection":[{"href":"https:\/\/olympiquedemartiel.fr\/index.php?rest_route=\/wp\/v2\/pages"}],"about":[{"href":"https:\/\/olympiquedemartiel.fr\/index.php?rest_route=\/wp\/v2\/types\/page"}],"author":[{"embeddable":true,"href":"https:\/\/olympiquedemartiel.fr\/index.php?rest_route=\/wp\/v2\/users\/1"}],"replies":[{"embeddable":true,"href":"https:\/\/olympiquedemartiel.fr\/index.php?rest_route=%2Fwp%2Fv2%2Fcomments&post=110"}],"version-history":[{"count":7,"href":"https:\/\/olympiquedemartiel.fr\/index.php?rest_route=\/wp\/v2\/pages\/110\/revisions"}],"predecessor-version":[{"id":291,"href":"https:\/\/olympiquedemartiel.fr\/index.php?rest_route=\/wp\/v2\/pages\/110\/revisions\/291"}],"wp:attachment":[{"href":"https:\/\/olympiquedemartiel.fr\/index.php?rest_route=%2Fwp%2Fv2%2Fmedia&parent=110"}],"curies":[{"name":"wp","href":"https:\/\/api.w.org\/{rel}","templated":true}]}}