{"id":282,"date":"2020-05-07T15:12:22","date_gmt":"2020-05-07T13:12:22","guid":{"rendered":"https:\/\/olympiquedemartiel.fr\/?page_id=282"},"modified":"2020-05-07T15:30:48","modified_gmt":"2020-05-07T13:30:48","slug":"a-jamais-les-premiers","status":"publish","type":"page","link":"https:\/\/olympiquedemartiel.fr\/?page_id=282","title":{"rendered":"A jamais les premiers"},"content":{"rendered":"\n<p>Merci aux licenci\u00e9s qui ont particip\u00e9 \u00e0 la cr\u00e9ation du club  :<\/p>\n\n\n\n<figure class=\"wp-block-table\"><table><tbody><tr><td>Gaetan Arribas<\/td><\/tr><tr><td>Ludovic Badaire<\/td><\/tr><tr><td>Julian Bayol<\/td><\/tr><tr><td>Olivier Bec<\/td><\/tr><tr><td>Charly Bedel<\/td><\/tr><tr><td>Quentin Benazet<\/td><\/tr><tr><td>Robin Boissard<\/td><\/tr><tr><td>Julien Bucharzewski<\/td><\/tr><tr><td>Maxime Dumarest<\/td><\/tr><tr><td>Patrick Dumarest<\/td><\/tr><tr><td>Adrien Galan<\/td><\/tr><tr><td>Aurelien Gaubert<\/td><\/tr><tr><td>Cordwell Gayral<\/td><\/tr><tr><td>Joris Hugounet<\/td><\/tr><tr><td>Quentin Lacombe<\/td><\/tr><tr><td>Robin Lacombe<\/td><\/tr><tr><td>Valentin Lamouroux<\/td><\/tr><tr><td>Adrien Latapie<\/td><\/tr><tr><td>Guillaume Lopez<\/td><\/tr><tr><td>Vincent Mendes<\/td><\/tr><tr><td>Charlelie Mounier<\/td><\/tr><tr><td>Michael Moura<\/td><\/tr><tr><td>Mickael Ramon<\/td><\/tr><tr><td>Alexis Ricard<\/td><\/tr><tr><td>Maxime Rouzies<\/td><\/tr><tr><td>Axel Sallandre<\/td><\/tr><tr><td>Franck Sarda<\/td><\/tr><tr><td>Emmanuel Taoubi<\/td><\/tr><tr><td>Thibault Vieilledent<\/td><\/tr><tr><td>David Vinel<\/td><\/tr><\/tbody><\/table><\/figure>\n\n\n\n<p><\/p>\n","protected":false},"excerpt":{"rendered":"<p>Merci aux licenci\u00e9s qui ont particip\u00e9 \u00e0 la cr\u00e9ation du club : Gaetan Arribas Ludovic Badaire Julian Bayol Olivier Bec Charly Bedel Quentin Benazet Robin Boissard Julien Bucharzewski Maxime Dumarest Patrick Dumarest Adrien Galan Aurelien Gaubert Cordwell Gayral Joris Hugounet Quentin Lacombe Robin Lacombe Valentin Lamouroux Adrien Latapie Guillaume Lopez Vincent Mendes Charlelie Mounier Michael &hellip; <\/p>\n<p class=\"link-more\"><a href=\"https:\/\/olympiquedemartiel.fr\/?page_id=282\" class=\"more-link\">Continuer la lecture<span class=\"screen-reader-text\"> de &laquo;&nbsp;A jamais les premiers&nbsp;&raquo;<\/span><\/a><\/p>\n","protected":false},"author":1,"featured_media":0,"parent":0,"menu_order":0,"comment_status":"closed","ping_status":"closed","template":"","meta":[],"_links":{"self":[{"href":"https:\/\/olympiquedemartiel.fr\/index.php?rest_route=\/wp\/v2\/pages\/282"}],"collection":[{"href":"https:\/\/olympiquedemartiel.fr\/index.php?rest_route=\/wp\/v2\/pages"}],"about":[{"href":"https:\/\/olympiquedemartiel.fr\/index.php?rest_route=\/wp\/v2\/types\/page"}],"author":[{"embeddable":true,"href":"https:\/\/olympiquedemartiel.fr\/index.php?rest_route=\/wp\/v2\/users\/1"}],"replies":[{"embeddable":true,"href":"https:\/\/olympiquedemartiel.fr\/index.php?rest_route=%2Fwp%2Fv2%2Fcomments&post=282"}],"version-history":[{"count":5,"href":"https:\/\/olympiquedemartiel.fr\/index.php?rest_route=\/wp\/v2\/pages\/282\/revisions"}],"predecessor-version":[{"id":293,"href":"https:\/\/olympiquedemartiel.fr\/index.php?rest_route=\/wp\/v2\/pages\/282\/revisions\/293"}],"wp:attachment":[{"href":"https:\/\/olympiquedemartiel.fr\/index.php?rest_route=%2Fwp%2Fv2%2Fmedia&parent=282"}],"curies":[{"name":"wp","href":"https:\/\/api.w.org\/{rel}","templated":true}]}}