{"id":70,"date":"2019-05-24T00:01:49","date_gmt":"2019-05-23T22:01:49","guid":{"rendered":"http:\/\/olympiquedemartiel.fr\/?page_id=70"},"modified":"2021-09-18T01:31:27","modified_gmt":"2021-09-17T23:31:27","slug":"on-parle-de-nous","status":"publish","type":"page","link":"https:\/\/olympiquedemartiel.fr\/?page_id=70","title":{"rendered":"\u00c7a parle de nous"},"content":{"rendered":"\n<h5>Sur SOFOOT (VRAIFOOTDAY)<\/h5>\n\n\n\n<p><a href=\"https:\/\/www.sofoot.com\/l-olympique-de-martiel-a-jamais-les-premiers-sur-la-comm-503252.html\">https:\/\/www.sofoot.com\/l-olympique-de-martiel-a-jamais-les-premiers-sur-la-comm-503252.html<\/a><\/p>\n\n\n\n<h5>Dans l&rsquo;adn de l&rsquo;Aveyron digital news<\/h5>\n\n\n\n<p><a href=\"https:\/\/www.aveyrondigitalnews.fr\/actualite-7029-football-en-aveyron-ils-creent-le-club-de-l-olympique-de-martiel\">https:\/\/www.aveyrondigitalnews.fr\/actualite-7029-football-en-aveyron-ils-creent-le-club-de-l-olympique-de-martiel<\/a><\/p>\n\n\n\n<h5>footpy nous donne une dimension r\u00e9gionale<\/h5>\n\n\n\n<p><a href=\"https:\/\/www.footpy.fr\/Aveyron-Cette-bande-de-copains-veut-faire-resonner-Martiel-jusqu-a-Marseille_a13698.html\">https:\/\/www.footpy.fr\/Aveyron-Cette-bande-de-copains-veut-faire-resonner-Martiel-jusqu-a-Marseille_a13698.html<\/a><\/p>\n\n\n\n<h5>La d\u00e9p\u00eache aveyronnaise \u00e0 notre rencontre<\/h5>\n\n\n\n<p><a href=\"https:\/\/www.ladepeche.fr\/2019\/06\/17\/lolympique-de-martiel-une-affaire-de-copains,8260709.php\">https:\/\/www.ladepeche.fr\/2019\/06\/17\/lolympique-de-martiel-une-affaire-de-copains,8260709.php<\/a><\/p>\n\n\n\n<h5>NOTRE PREMIER ARTICLE PARU SUR \u00ab&nbsp;LA MINUTE VILLEFRANCHOISE&nbsp;\u00bb<\/h5>\n\n\n\n<figure class=\"wp-block-embed-wordpress wp-block-embed is-type-wp-embed is-provider-la-minute-villefranchoise\"><div class=\"wp-block-embed__wrapper\">\nhttp:\/\/laminutevillefranchoise.fr\/lolympique-de-martiel-le-nouveau-club-de-football-a-martiel\/\n<\/div><\/figure>\n\n\n\n<h5>Footpy interviewe Le co-pr\u00e9sident<\/h5>\n\n\n\n<p><a href=\"https:\/\/www.footpy.fr\/Interview-En-Aveyron-l-OM-joue-en-rouge-et-blanc-_a15982.html\">https:\/\/www.footpy.fr\/Interview-En-Aveyron-l-OM-joue-en-rouge-et-blanc-_a15982.html<\/a><\/p>\n","protected":false},"excerpt":{"rendered":"<p>Sur SOFOOT (VRAIFOOTDAY) https:\/\/www.sofoot.com\/l-olympique-de-martiel-a-jamais-les-premiers-sur-la-comm-503252.html Dans l&rsquo;adn de l&rsquo;Aveyron digital news https:\/\/www.aveyrondigitalnews.fr\/actualite-7029-football-en-aveyron-ils-creent-le-club-de-l-olympique-de-martiel footpy nous donne une dimension r\u00e9gionale https:\/\/www.footpy.fr\/Aveyron-Cette-bande-de-copains-veut-faire-resonner-Martiel-jusqu-a-Marseille_a13698.html La d\u00e9p\u00eache aveyronnaise \u00e0 notre rencontre https:\/\/www.ladepeche.fr\/2019\/06\/17\/lolympique-de-martiel-une-affaire-de-copains,8260709.php NOTRE PREMIER ARTICLE PARU SUR \u00ab&nbsp;LA MINUTE VILLEFRANCHOISE&nbsp;\u00bb Footpy interviewe Le co-pr\u00e9sident https:\/\/www.footpy.fr\/Interview-En-Aveyron-l-OM-joue-en-rouge-et-blanc-_a15982.html<\/p>\n","protected":false},"author":1,"featured_media":0,"parent":0,"menu_order":0,"comment_status":"closed","ping_status":"closed","template":"","meta":[],"_links":{"self":[{"href":"https:\/\/olympiquedemartiel.fr\/index.php?rest_route=\/wp\/v2\/pages\/70"}],"collection":[{"href":"https:\/\/olympiquedemartiel.fr\/index.php?rest_route=\/wp\/v2\/pages"}],"about":[{"href":"https:\/\/olympiquedemartiel.fr\/index.php?rest_route=\/wp\/v2\/types\/page"}],"author":[{"embeddable":true,"href":"https:\/\/olympiquedemartiel.fr\/index.php?rest_route=\/wp\/v2\/users\/1"}],"replies":[{"embeddable":true,"href":"https:\/\/olympiquedemartiel.fr\/index.php?rest_route=%2Fwp%2Fv2%2Fcomments&post=70"}],"version-history":[{"count":10,"href":"https:\/\/olympiquedemartiel.fr\/index.php?rest_route=\/wp\/v2\/pages\/70\/revisions"}],"predecessor-version":[{"id":405,"href":"https:\/\/olympiquedemartiel.fr\/index.php?rest_route=\/wp\/v2\/pages\/70\/revisions\/405"}],"wp:attachment":[{"href":"https:\/\/olympiquedemartiel.fr\/index.php?rest_route=%2Fwp%2Fv2%2Fmedia&parent=70"}],"curies":[{"name":"wp","href":"https:\/\/api.w.org\/{rel}","templated":true}]}}